{"id":276,"date":"2024-03-16T16:43:49","date_gmt":"2024-03-16T16:43:49","guid":{"rendered":"https:\/\/razorsanddragons-game.eu\/lekcia1\/"},"modified":"2024-06-29T01:04:30","modified_gmt":"2024-06-29T01:04:30","slug":"lekcia1","status":"publish","type":"page","link":"https:\/\/razorsanddragons-game.eu\/sk\/lekcia1\/","title":{"rendered":"LEKCIA1"},"content":{"rendered":"<p>[et_pb_section fb_built=&#8220;1&#8243; _builder_version=&#8220;4.24.2&#8243; _module_preset=&#8220;default&#8220; global_colors_info=&#8220;{}&#8220;][et_pb_row _builder_version=&#8220;4.24.2&#8243; _module_preset=&#8220;default&#8220; global_colors_info=&#8220;{}&#8220;][et_pb_column type=&#8220;4_4&#8243; _builder_version=&#8220;4.24.2&#8243; _module_preset=&#8220;default&#8220; global_colors_info=&#8220;{}&#8220;][et_pb_heading title=&#8220;Lekcia 1 &#8211; Gramotnos\u0165&#8220; _builder_version=&#8220;4.24.2&#8243; _module_preset=&#8220;default&#8220; title_text_align=&#8220;center&#8220; global_colors_info=&#8220;{}&#8220;][\/et_pb_heading][\/et_pb_column][\/et_pb_row][et_pb_row _builder_version=&#8220;4.24.2&#8243; _module_preset=&#8220;default&#8220; global_colors_info=&#8220;{}&#8220;][et_pb_column type=&#8220;4_4&#8243; _builder_version=&#8220;4.24.2&#8243; _module_preset=&#8220;default&#8220; global_colors_info=&#8220;{}&#8220;][et_pb_text _builder_version=&#8220;4.24.2&#8243; _module_preset=&#8220;default&#8220; global_colors_info=&#8220;{}&#8220;]<\/p>\n<p><b>Dobr\u00fd de\u0148, detekt\u00edvi!<\/b><\/p>\n<p><span style=\"font-weight: 400;\">Vitajte na \u0161tartovacej \u010diare v\u00e1\u0161ho dobrodru\u017estva &#8211; gramotnos\u0165<b><\/b><\/span><span style=\"font-weight: 400;\">. Pripravte sa na vzduch! \u010cak\u00e1 na v\u00e1s v\u00fdzva pre bystr\u00e9 o\u010di a mysle. Nebojte sa, t\u00e1to lekcia je sk\u00f4r rozcvi\u010dkou, tak\u017ee s trochou s\u00fastredenia to zvl\u00e1dnete.<\/span><\/p>\n<p><span style=\"font-weight: 400;\">A teraz to najlep\u0161ie &#8211; m\u00f4\u017eete sa pusti\u0165 do svojej prvej hernej v\u00fdzvy<b><\/b><\/span><span style=\"font-weight: 400;\"> a za\u010dnite h\u013eada\u0165. Kto hovor\u00ed, \u017ee \u010d\u00edtanie nem\u00f4\u017ee by\u0165 vzru\u0161uj\u00face? Tu to plat\u00ed dvojn\u00e1sobne! Po\u010fme spolu zisti\u0165, ak\u00e9 tmav\u00e9 s\u00fa pra\u017esk\u00e9 uli\u010dky.<\/span><\/p>\n<p><span style=\"font-weight: 400;\">Nezab\u00fadajte, \u017ee detekt\u00edvna pr\u00e1ca spo\u010d\u00edva v pozorovan\u00ed a skladan\u00ed mal\u00fdch k\u00faskov do celkov\u00e9ho obrazu. Tak\u017ee majte o\u010di na stopk\u00e1ch a hlavu hore &#8211; te\u0161\u00edme sa na va\u0161e zistenia!<\/span><\/p>\n<p><span style=\"font-weight: 400;\">Pokra\u010dujte a uk\u00e1\u017ete, ak\u00fd ste detekt\u00edv!<\/span><\/p>\n<p><span style=\"font-weight: 400;\">Major<\/span><\/p>\n<p>[\/et_pb_text][\/et_pb_column][\/et_pb_row][et_pb_row _builder_version=&#8220;4.24.2&#8243; _module_preset=&#8220;default&#8220; global_colors_info=&#8220;{}&#8220;][et_pb_column type=&#8220;4_4&#8243; _builder_version=&#8220;4.24.2&#8243; _module_preset=&#8220;default&#8220; global_colors_info=&#8220;{}&#8220;][et_pb_heading title=&#8220;Pracovn\u00e9 listy&#8220; _builder_version=&#8220;4.24.2&#8243; _module_preset=&#8220;default&#8220; title_text_align=&#8220;center&#8220; global_colors_info=&#8220;{}&#8220;][\/et_pb_heading][wpcp_useyourdrive shortcode=&#8220;%91useyourdrive mode=%22files%22 dir=%221xyorYDOqyWI6a48KxAmwKpKcbWpCEMni%22 account=%22102873819396345230351%22 viewrole=%22administrator|editor|author|contributor|subscriber|guest%22 %93&#8243; _builder_version=&#8220;4.24.2&#8243; _module_preset=&#8220;default&#8220; global_colors_info=&#8220;{}&#8220;][\/wpcp_useyourdrive][et_pb_heading title=&#8220;Hern\u00e1 v\u00fdzva&#8220; _builder_version=&#8220;4.24.2&#8243; _module_preset=&#8220;default&#8220; title_text_align=&#8220;center&#8220; global_colors_info=&#8220;{}&#8220;][\/et_pb_heading][wpcp_useyourdrive shortcode=&#8220;%91useyourdrive mode=%22files%22 dir=%221W568GtMfGsXbda81GB6Fu5TFeQ0IJ_Op%22 account=%22102873819396345230351%22 viewrole=%22administrator|editor|author|contributor|subscriber|guest%22 %93&#8243; _builder_version=&#8220;4.24.2&#8243; _module_preset=&#8220;default&#8220; global_colors_info=&#8220;{}&#8220;][\/wpcp_useyourdrive][\/et_pb_column][\/et_pb_row][et_pb_row _builder_version=&#8220;4.24.2&#8243; _module_preset=&#8220;default&#8220; global_colors_info=&#8220;{}&#8220;][et_pb_column type=&#8220;4_4&#8243; _builder_version=&#8220;4.24.2&#8243; _module_preset=&#8220;default&#8220; global_colors_info=&#8220;{}&#8220;][\/et_pb_column][\/et_pb_row][et_pb_row _builder_version=&#8220;4.24.2&#8243; _module_preset=&#8220;default&#8220; global_colors_info=&#8220;{}&#8220;][et_pb_column type=&#8220;4_4&#8243; _builder_version=&#8220;4.24.2&#8243; _module_preset=&#8220;default&#8220; global_colors_info=&#8220;{}&#8220;][et_pb_divider _builder_version=&#8220;4.24.2&#8243; _module_preset=&#8220;default&#8220; custom_margin=&#8220;||-12px|||&#8220; global_colors_info=&#8220;{}&#8220;][\/et_pb_divider][\/et_pb_column][\/et_pb_row][et_pb_row _builder_version=&#8220;4.24.2&#8243; _module_preset=&#8220;default&#8220; custom_padding=&#8220;17px|||||&#8220; global_colors_info=&#8220;{}&#8220;][et_pb_column type=&#8220;4_4&#8243; _builder_version=&#8220;4.24.2&#8243; _module_preset=&#8220;default&#8220; global_colors_info=&#8220;{}&#8220;][et_pb_text _builder_version=&#8220;4.24.3&#8243; _module_preset=&#8220;default&#8220; custom_margin=&#8220;-49px||14px|||&#8220; custom_padding=&#8220;9px||8px|||&#8220; link_option_url=&#8220;https:\/\/razorsanddragons-game.eu\/sk\/lekcia1\/&#8220; hover_enabled=&#8220;0&#8243; global_colors_info=&#8220;{}&#8220; sticky_enabled=&#8220;0&#8243;]<\/p>\n<h1 style=\"text-align: center;\"><a href=\"https:\/\/docs.google.com\/forms\/d\/e\/1FAIpQLSdWN0xl930PjoEqG5Pck7nuK5RDLLUeXS7sLct_YuUiiWukjA\/viewform?usp=sf_link\" target=\"_blank\" rel=\"noopener\" title=\"test1\">TEST 1 ZDE<\/a><\/h1>\n<p>[\/et_pb_text][\/et_pb_column][\/et_pb_row][et_pb_row column_structure=&#8220;1_5,1_5,1_5,1_5,1_5&#8243; _builder_version=&#8220;4.24.2&#8243; _module_preset=&#8220;default&#8220; global_colors_info=&#8220;{}&#8220;][et_pb_column type=&#8220;1_5&#8243; _builder_version=&#8220;4.24.2&#8243; _module_preset=&#8220;default&#8220; global_colors_info=&#8220;{}&#8220;][et_pb_button button_url=&#8220;https:\/\/razorsanddragons-game.eu\/sk\/lekcia2\/&#8220; url_new_window=&#8220;on&#8220; button_text=&#8220;LEKCIA 2&#8243; button_alignment=&#8220;center&#8220; _builder_version=&#8220;4.24.3&#8243; _module_preset=&#8220;default&#8220; global_colors_info=&#8220;{}&#8220;][\/et_pb_button][\/et_pb_column][et_pb_column type=&#8220;1_5&#8243; _builder_version=&#8220;4.24.2&#8243; _module_preset=&#8220;default&#8220; global_colors_info=&#8220;{}&#8220;][et_pb_button button_url=&#8220;https:\/\/razorsanddragons-game.eu\/sk\/lekcia3\/&#8220; url_new_window=&#8220;on&#8220; button_text=&#8220;LEKCIA 3&#8243; button_alignment=&#8220;center&#8220; _builder_version=&#8220;4.24.3&#8243; _module_preset=&#8220;default&#8220; global_colors_info=&#8220;{}&#8220;][\/et_pb_button][\/et_pb_column][et_pb_column type=&#8220;1_5&#8243; _builder_version=&#8220;4.24.2&#8243; _module_preset=&#8220;default&#8220; global_colors_info=&#8220;{}&#8220;][et_pb_button button_url=&#8220;https:\/\/razorsanddragons-game.eu\/sk\/lekcia4\/&#8220; url_new_window=&#8220;on&#8220; button_text=&#8220;LEKCIA 4&#8243; button_alignment=&#8220;center&#8220; _builder_version=&#8220;4.24.3&#8243; _module_preset=&#8220;default&#8220; global_colors_info=&#8220;{}&#8220;][\/et_pb_button][\/et_pb_column][et_pb_column type=&#8220;1_5&#8243; _builder_version=&#8220;4.24.2&#8243; _module_preset=&#8220;default&#8220; global_colors_info=&#8220;{}&#8220;][et_pb_button button_url=&#8220;https:\/\/razorsanddragons-game.eu\/sk\/lekcia5\/&#8220; url_new_window=&#8220;on&#8220; button_text=&#8220;LEKCIA 5&#8243; button_alignment=&#8220;center&#8220; _builder_version=&#8220;4.24.3&#8243; _module_preset=&#8220;default&#8220; global_colors_info=&#8220;{}&#8220;][\/et_pb_button][\/et_pb_column][et_pb_column type=&#8220;1_5&#8243; _builder_version=&#8220;4.24.2&#8243; _module_preset=&#8220;default&#8220; global_colors_info=&#8220;{}&#8220;][et_pb_button button_url=&#8220;https:\/\/razorsanddragons-game.eu\/sk\/lekcia6\/&#8220; url_new_window=&#8220;on&#8220; button_text=&#8220;LEKCIA 6&#8243; button_alignment=&#8220;center&#8220; _builder_version=&#8220;4.24.3&#8243; _module_preset=&#8220;default&#8220; global_colors_info=&#8220;{}&#8220;][\/et_pb_button][\/et_pb_column][\/et_pb_row][\/et_pb_section]<\/p>\n","protected":false},"excerpt":{"rendered":"<p>Dobr\u00fd de\u0148, detekt\u00edvi! Vitajte na \u0161tartovacej \u010diare v\u00e1\u0161ho dobrodru\u017estva &#8211; gramotnos\u0165. Pripravte sa na vzduch! \u010cak\u00e1 na v\u00e1s v\u00fdzva pre bystr\u00e9 o\u010di a mysle. Nebojte sa, t\u00e1to lekcia je sk\u00f4r rozcvi\u010dkou, tak\u017ee s trochou s\u00fastredenia to zvl\u00e1dnete. A teraz to najlep\u0161ie &#8211; m\u00f4\u017eete sa pusti\u0165 do svojej prvej hernej v\u00fdzvy a za\u010dnite h\u013eada\u0165. Kto hovor\u00ed, [&hellip;]<\/p>\n","protected":false},"author":1,"featured_media":0,"parent":0,"menu_order":0,"comment_status":"closed","ping_status":"closed","template":"","meta":{"_et_pb_use_builder":"on","_et_pb_old_content":"","_et_gb_content_width":"","footnotes":""},"class_list":["post-276","page","type-page","status-publish","hentry"],"_links":{"self":[{"href":"https:\/\/razorsanddragons-game.eu\/sk\/wp-json\/wp\/v2\/pages\/276","targetHints":{"allow":["GET"]}}],"collection":[{"href":"https:\/\/razorsanddragons-game.eu\/sk\/wp-json\/wp\/v2\/pages"}],"about":[{"href":"https:\/\/razorsanddragons-game.eu\/sk\/wp-json\/wp\/v2\/types\/page"}],"author":[{"embeddable":true,"href":"https:\/\/razorsanddragons-game.eu\/sk\/wp-json\/wp\/v2\/users\/1"}],"replies":[{"embeddable":true,"href":"https:\/\/razorsanddragons-game.eu\/sk\/wp-json\/wp\/v2\/comments?post=276"}],"version-history":[{"count":5,"href":"https:\/\/razorsanddragons-game.eu\/sk\/wp-json\/wp\/v2\/pages\/276\/revisions"}],"predecessor-version":[{"id":357,"href":"https:\/\/razorsanddragons-game.eu\/sk\/wp-json\/wp\/v2\/pages\/276\/revisions\/357"}],"wp:attachment":[{"href":"https:\/\/razorsanddragons-game.eu\/sk\/wp-json\/wp\/v2\/media?parent=276"}],"curies":[{"name":"wp","href":"https:\/\/api.w.org\/{rel}","templated":true}]}}