{"id":282,"date":"2024-03-17T15:56:37","date_gmt":"2024-03-17T15:56:37","guid":{"rendered":"https:\/\/razorsanddragons-game.eu\/lekcia3\/"},"modified":"2024-06-29T01:19:24","modified_gmt":"2024-06-29T01:19:24","slug":"lekcia3","status":"publish","type":"page","link":"https:\/\/razorsanddragons-game.eu\/sk\/lekcia3\/","title":{"rendered":"LEKCIA3"},"content":{"rendered":"<p>[et_pb_section fb_built=&#8220;1&#8243; _builder_version=&#8220;4.24.2&#8243; _module_preset=&#8220;default&#8220; global_colors_info=&#8220;{}&#8220;][et_pb_row _builder_version=&#8220;4.24.2&#8243; _module_preset=&#8220;default&#8220; global_colors_info=&#8220;{}&#8220;][et_pb_column type=&#8220;4_4&#8243; _builder_version=&#8220;4.24.2&#8243; _module_preset=&#8220;default&#8220; global_colors_info=&#8220;{}&#8220;][et_pb_heading title=&#8220;Lekcia 3 &#8211; Medi\u00e1lna gramotnos\u0165&#8220; _builder_version=&#8220;4.24.2&#8243; _module_preset=&#8220;default&#8220; title_text_align=&#8220;center&#8220; global_colors_info=&#8220;{}&#8220;][\/et_pb_heading][\/et_pb_column][\/et_pb_row][et_pb_row _builder_version=&#8220;4.24.2&#8243; _module_preset=&#8220;default&#8220; global_colors_info=&#8220;{}&#8220;][et_pb_column type=&#8220;4_4&#8243; _builder_version=&#8220;4.24.2&#8243; _module_preset=&#8220;default&#8220; global_colors_info=&#8220;{}&#8220;][et_pb_text _builder_version=&#8220;4.24.2&#8243; _module_preset=&#8220;default&#8220; global_colors_info=&#8220;{}&#8220;]<\/p>\n<p style=\"text-align: justify;\"><b>Dobr\u00fd de\u0148, detekt\u00edvi!<\/b><\/p>\n<p style=\"text-align: justify;\"><span style=\"font-weight: 400;\">Dnes sa vyd\u00e1me na nepreb\u00e1dan\u00e9 \u00fazemia modernej medi\u00e1lnej d\u017eungle. Vitajte na tretej lekcii &#8211; <\/span><b>Medi\u00e1lna gramotnos\u0165<\/b><span style=\"font-weight: 400;\">. T\u00e1to \u010das\u0165 je k\u013e\u00fa\u010dov\u00e1 pre pochopenie, ako sa orientova\u0165 v z\u00e1plave inform\u00e1ci\u00ed a oddeli\u0165 pravdu od fikcie.<\/span><\/p>\n<p style=\"text-align: justify;\"><span style=\"font-weight: 400;\">\u00daloha, ktor\u00fa m\u00e1te pred sebou, si vy\u017eaduje nielen va\u0161u<\/span> <b>pozornos\u0165,<\/b> <span style=\"font-weight: 400;\">ale aj<\/span> k<b>ritick\u00e9 myslenie<\/b> <span style=\"font-weight: 400;\">a<\/span> <b>schopnos\u0165 rozpozna\u0165 manipul\u00e1ciu a dezinform\u00e1cie.<\/b><span style=\"font-weight: 400;\">. V tomto prostred\u00ed nie je v\u017edy jednoduch\u00e9 oddeli\u0165 zrno od pliev, ale s trochou praxe a znalost\u00ed sa to d\u00e1.<\/span><\/p>\n<p style=\"text-align: justify;\"><span style=\"font-weight: 400;\">Existuj\u00fa n\u00e1stroje, ktor\u00e9 v\u00e1m pom\u00f4\u017eu rozl\u00fa\u0161ti\u0165 k\u00f3d medi\u00e1lneho vplyvu. Pripravte si teda o\u010di a u\u0161i, preto\u017ee sa chyst\u00e1me na dobrodru\u017en\u00fa cestu za poznan\u00edm m\u00e9di\u00ed.<\/span><\/p>\n<p style=\"text-align: justify;\"><span style=\"font-weight: 400;\">Po\u010fme teda presk\u00fama\u0165 t\u00fato digit\u00e1lnu d\u017eung\u013eu a n\u00e1js\u0165 cestu von!<\/span><\/p>\n<p style=\"text-align: justify;\"><span style=\"font-weight: 400;\">S \u00factou,<\/span><\/p>\n<p style=\"text-align: justify;\"><span style=\"font-weight: 400;\">Major<\/span><\/p>\n<p>[\/et_pb_text][\/et_pb_column][\/et_pb_row][et_pb_row _builder_version=&#8220;4.24.2&#8243; _module_preset=&#8220;default&#8220; global_colors_info=&#8220;{}&#8220;][et_pb_column type=&#8220;4_4&#8243; _builder_version=&#8220;4.24.2&#8243; _module_preset=&#8220;default&#8220; global_colors_info=&#8220;{}&#8220;][et_pb_heading title=&#8220;Pracovn\u00e9 listy&#8220; _builder_version=&#8220;4.24.2&#8243; _module_preset=&#8220;default&#8220; title_text_align=&#8220;center&#8220; global_colors_info=&#8220;{}&#8220;][\/et_pb_heading][\/et_pb_column][\/et_pb_row][et_pb_row _builder_version=&#8220;4.24.2&#8243; _module_preset=&#8220;default&#8220; global_colors_info=&#8220;{}&#8220;][et_pb_column type=&#8220;4_4&#8243; _builder_version=&#8220;4.24.2&#8243; _module_preset=&#8220;default&#8220; global_colors_info=&#8220;{}&#8220;][wpcp_useyourdrive shortcode=&#8220;%91useyourdrive mode=%22files%22 dir=%221MvUFTjNKiE5bWdQz9tE2Fj-yNlCeuPbU%22 account=%22102873819396345230351%22 viewrole=%22administrator|editor|author|contributor|subscriber|guest%22 %93&#8243; _builder_version=&#8220;4.24.2&#8243; _module_preset=&#8220;default&#8220; global_colors_info=&#8220;{}&#8220;][\/wpcp_useyourdrive][\/et_pb_column][\/et_pb_row][et_pb_row _builder_version=&#8220;4.24.2&#8243; _module_preset=&#8220;default&#8220; global_colors_info=&#8220;{}&#8220;][et_pb_column type=&#8220;4_4&#8243; _builder_version=&#8220;4.24.2&#8243; _module_preset=&#8220;default&#8220; global_colors_info=&#8220;{}&#8220;][et_pb_heading title=&#8220;Hern\u00e1 v\u00fdzva&#8220; _builder_version=&#8220;4.24.2&#8243; _module_preset=&#8220;default&#8220; title_text_align=&#8220;center&#8220; global_colors_info=&#8220;{}&#8220;][\/et_pb_heading][wpcp_useyourdrive shortcode=&#8220;%91useyourdrive mode=%22files%22 dir=%221mOPdFHsHD53JFY_KMvrGJVCqhJYCJS-F%22 account=%22102873819396345230351%22 viewrole=%22administrator|editor|author|contributor|subscriber|guest%22 %93&#8243; _builder_version=&#8220;4.24.2&#8243; _module_preset=&#8220;default&#8220; global_colors_info=&#8220;{}&#8220;][\/wpcp_useyourdrive][et_pb_heading title=&#8220;U\u017eito\u010dn\u00e9 odkazy&#8220; _builder_version=&#8220;4.24.2&#8243; _module_preset=&#8220;default&#8220; title_text_align=&#8220;center&#8220; global_colors_info=&#8220;{}&#8220;][\/et_pb_heading][\/et_pb_column][\/et_pb_row][et_pb_row _builder_version=&#8220;4.24.2&#8243; _module_preset=&#8220;default&#8220; global_colors_info=&#8220;{}&#8220;][et_pb_column type=&#8220;4_4&#8243; _builder_version=&#8220;4.24.2&#8243; _module_preset=&#8220;default&#8220; global_colors_info=&#8220;{}&#8220;][et_pb_accordion _builder_version=&#8220;4.24.2&#8243; _module_preset=&#8220;default&#8220; global_colors_info=&#8220;{}&#8220;][et_pb_accordion_item title=&#8220;Datab\u00e1za dezinforma\u010dn\u00fdch webov\u00fdch str\u00e1nok&#8220; open=&#8220;on&#8220; _builder_version=&#8220;4.24.2&#8243; _module_preset=&#8220;default&#8220; link_option_url_new_window=&#8220;on&#8220; global_colors_info=&#8220;{}&#8220;]<\/p>\n<p><a href=\"https:\/\/neovlivni.cz\/vnitro-ma-databazi-dezinformacnich-webu-koho-na-ni-zaradilo\/\" target=\"_blank\" rel=\"noopener\" title=\"https:\/\/neovlivni.cz\/vnitro-ma-databazi-dezinformacnich-webu-koho-na-ni-zaradilo\/\">https:\/\/neovlivni.cz\/vnitro-ma-databazi-dezinformacnich-webu-koho-na-ni-zaradilo\/<\/a><\/p>\n<p>[\/et_pb_accordion_item][et_pb_accordion_item title=&#8220;FOTOPRIMING&#8220; _builder_version=&#8220;4.24.2&#8243; _module_preset=&#8220;default&#8220; link_option_url_new_window=&#8220;on&#8220; global_colors_info=&#8220;{}&#8220; open=&#8220;off&#8220;]<\/p>\n<p><a href=\"https:\/\/bezfaulu.net\/medialni-fauly\/fotopriming\/#1563038090817-5afe186c-ad0a\" target=\"_blank\" rel=\"noopener\" title=\"https:\/\/bezfaulu.net\/medialni-fauly\/fotopriming\/#1563038090817-5afe186c-ad0a\">https:\/\/bezfaulu.net\/medialni-fauly\/fotopriming\/#1563038090817-5afe186c-ad0a<\/a><\/p>\n<p>[\/et_pb_accordion_item][et_pb_accordion_item title=&#8220;Postavte se za pravdu proti dezinformac\u00edm&#8220; _builder_version=&#8220;4.24.2&#8243; _module_preset=&#8220;default&#8220; global_colors_info=&#8220;{}&#8220; open=&#8220;off&#8220;]<\/p>\n<p><a href=\"https:\/\/www.nelez.cz\/\" target=\"_blank\" rel=\"noopener\" title=\"https:\/\/www.nelez.cz\/\">https:\/\/www.nelez.cz\/<\/a><\/p>\n<p>[\/et_pb_accordion_item][et_pb_accordion_item title=&#8220;HO@X&#8220; _builder_version=&#8220;4.24.2&#8243; _module_preset=&#8220;default&#8220; global_colors_info=&#8220;{}&#8220; open=&#8220;off&#8220;]<\/p>\n<p><a href=\"https:\/\/hoax.cz\/cze\/\" target=\"_blank\" rel=\"noopener\" title=\"https:\/\/hoax.cz\/cze\/\">https:\/\/hoax.cz\/cze\/<\/a><\/p>\n<p>[\/et_pb_accordion_item][et_pb_accordion_item title=&#8220;Webov\u00e9 manipul\u00e1tory&#8220; _builder_version=&#8220;4.24.2&#8243; _module_preset=&#8220;default&#8220; global_colors_info=&#8220;{}&#8220; open=&#8220;off&#8220;]<\/p>\n<p><a href=\"https:\/\/manipulatori.cz\/\" target=\"_blank\" rel=\"noopener\" title=\"https:\/\/manipulatori.cz\/\">https:\/\/manipulatori.cz\/<\/a><\/p>\n<p>[\/et_pb_accordion_item][et_pb_accordion_item title=&#8220;Web Demagog&#8220; _builder_version=&#8220;4.24.2&#8243; _module_preset=&#8220;default&#8220; global_colors_info=&#8220;{}&#8220; open=&#8220;off&#8220;]<\/p>\n<p><a href=\"https:\/\/demagog.cz\/\" target=\"_blank\" rel=\"noopener\" title=\"https:\/\/demagog.cz\/\">https:\/\/demagog.cz\/<\/a><\/p>\n<p>[\/et_pb_accordion_item][et_pb_accordion_item title=&#8220;Vyvr\u00e1tenie f\u00e1m &#8211; port\u00e1l Snopes&#8220; _builder_version=&#8220;4.24.2&#8243; _module_preset=&#8220;default&#8220; global_colors_info=&#8220;{}&#8220; open=&#8220;off&#8220;]<\/p>\n<p><a href=\"https:\/\/www.snopes.com\/\" target=\"_blank\" rel=\"noopener\" title=\"https:\/\/www.snopes.com\/\">https:\/\/www.snopes.com\/<\/a><\/p>\n<p>[\/et_pb_accordion_item][\/et_pb_accordion][\/et_pb_column][\/et_pb_row][et_pb_row _builder_version=&#8220;4.24.2&#8243; _module_preset=&#8220;default&#8220; global_colors_info=&#8220;{}&#8220;][et_pb_column type=&#8220;4_4&#8243; _builder_version=&#8220;4.24.2&#8243; _module_preset=&#8220;default&#8220; global_colors_info=&#8220;{}&#8220;][et_pb_divider _builder_version=&#8220;4.24.2&#8243; _module_preset=&#8220;default&#8220; custom_margin=&#8220;||-12px|||&#8220; global_colors_info=&#8220;{}&#8220;][\/et_pb_divider][\/et_pb_column][\/et_pb_row][et_pb_row _builder_version=&#8220;4.24.2&#8243; _module_preset=&#8220;default&#8220; custom_padding=&#8220;17px|||||&#8220; global_colors_info=&#8220;{}&#8220;][et_pb_column type=&#8220;4_4&#8243; _builder_version=&#8220;4.24.2&#8243; _module_preset=&#8220;default&#8220; global_colors_info=&#8220;{}&#8220;][et_pb_text _builder_version=&#8220;4.24.2&#8243; _module_preset=&#8220;default&#8220; custom_margin=&#8220;-22px||14px|||&#8220; custom_padding=&#8220;9px||8px|||&#8220; global_colors_info=&#8220;{}&#8220;]<\/p>\n<h1 style=\"text-align: center;\"><a href=\"https:\/\/docs.google.com\/forms\/d\/e\/1FAIpQLSd876C6xUhpfgThb2b9xqZhMzsdQ6HCz3C15pBNEyU4CK4V2A\/viewform?usp=sf_link\" target=\"_blank\" rel=\"noopener\" title=\"test1\">TEST 3 TU<\/a><\/h1>\n<p>[\/et_pb_text][et_pb_divider _builder_version=&#8220;4.24.2&#8243; _module_preset=&#8220;default&#8220; custom_margin=&#8220;25px||-12px|||&#8220; global_colors_info=&#8220;{}&#8220;][\/et_pb_divider][\/et_pb_column][\/et_pb_row][et_pb_row _builder_version=&#8220;4.24.2&#8243; _module_preset=&#8220;default&#8220; global_colors_info=&#8220;{}&#8220;][et_pb_column type=&#8220;4_4&#8243; _builder_version=&#8220;4.24.2&#8243; _module_preset=&#8220;default&#8220; global_colors_info=&#8220;{}&#8220;][et_pb_heading title=&#8220;\u0160tudov\u0148a&#8220; _builder_version=&#8220;4.24.2&#8243; _module_preset=&#8220;default&#8220; title_text_align=&#8220;center&#8220; global_colors_info=&#8220;{}&#8220;][\/et_pb_heading][\/et_pb_column][\/et_pb_row][et_pb_row _builder_version=&#8220;4.24.2&#8243; _module_preset=&#8220;default&#8220; global_colors_info=&#8220;{}&#8220;][et_pb_column type=&#8220;4_4&#8243; _builder_version=&#8220;4.24.2&#8243; _module_preset=&#8220;default&#8220; global_colors_info=&#8220;{}&#8220;][wpcp_useyourdrive shortcode=&#8220;%91useyourdrive mode=%22files%22 dir=%2217CevKrvtd8hDg81UJyteVJJDNp9zw9T9%22 account=%22102873819396345230351%22 viewrole=%22administrator|editor|author|contributor|subscriber|guest%22 %93&#8243; _builder_version=&#8220;4.24.2&#8243; _module_preset=&#8220;default&#8220; global_colors_info=&#8220;{}&#8220;][\/wpcp_useyourdrive][\/et_pb_column][\/et_pb_row][et_pb_row column_structure=&#8220;1_5,1_5,1_5,1_5,1_5&#8243; _builder_version=&#8220;4.24.3&#8243; _module_preset=&#8220;default&#8220; global_colors_info=&#8220;{}&#8220;][et_pb_column type=&#8220;1_5&#8243; _builder_version=&#8220;4.24.2&#8243; _module_preset=&#8220;default&#8220; global_colors_info=&#8220;{}&#8220;][et_pb_button button_url=&#8220;https:\/\/razorsanddragons-game.eu\/sk\/lekcia1\/&#8220; button_text=&#8220;LEKCIA 1&#8243; button_alignment=&#8220;center&#8220; _builder_version=&#8220;4.24.3&#8243; _module_preset=&#8220;default&#8220; global_colors_info=&#8220;{}&#8220;][\/et_pb_button][\/et_pb_column][et_pb_column type=&#8220;1_5&#8243; _builder_version=&#8220;4.24.2&#8243; _module_preset=&#8220;default&#8220; global_colors_info=&#8220;{}&#8220;][et_pb_button button_url=&#8220;https:\/\/razorsanddragons-game.eu\/sk\/lekcia2\/&#8220; button_text=&#8220;LEKCIA 2&#8243; button_alignment=&#8220;center&#8220; _builder_version=&#8220;4.24.2&#8243; _module_preset=&#8220;default&#8220; global_colors_info=&#8220;{}&#8220;][\/et_pb_button][\/et_pb_column][et_pb_column type=&#8220;1_5&#8243; _builder_version=&#8220;4.24.2&#8243; _module_preset=&#8220;default&#8220; global_colors_info=&#8220;{}&#8220;][et_pb_button button_url=&#8220;https:\/\/razorsanddragons-game.eu\/sk\/lekcia4\/&#8220; button_text=&#8220;LEKCIA 4&#8243; button_alignment=&#8220;center&#8220; _builder_version=&#8220;4.24.3&#8243; _module_preset=&#8220;default&#8220; global_colors_info=&#8220;{}&#8220;][\/et_pb_button][\/et_pb_column][et_pb_column type=&#8220;1_5&#8243; _builder_version=&#8220;4.24.2&#8243; _module_preset=&#8220;default&#8220; global_colors_info=&#8220;{}&#8220;][et_pb_button button_url=&#8220;https:\/\/razorsanddragons-game.eu\/sk\/lekcia5\/&#8220; button_text=&#8220;LEKCIA 5&#8243; button_alignment=&#8220;center&#8220; _builder_version=&#8220;4.24.3&#8243; _module_preset=&#8220;default&#8220; global_colors_info=&#8220;{}&#8220;][\/et_pb_button][\/et_pb_column][et_pb_column type=&#8220;1_5&#8243; _builder_version=&#8220;4.24.2&#8243; _module_preset=&#8220;default&#8220; global_colors_info=&#8220;{}&#8220;][et_pb_button button_url=&#8220;https:\/\/razorsanddragons-game.eu\/sk\/lekcia6\/&#8220; button_text=&#8220;LEKCIA 6&#8243; button_alignment=&#8220;center&#8220; _builder_version=&#8220;4.24.3&#8243; _module_preset=&#8220;default&#8220; global_colors_info=&#8220;{}&#8220;][\/et_pb_button][\/et_pb_column][\/et_pb_row][\/et_pb_section]<\/p>\n","protected":false},"excerpt":{"rendered":"<p>Dobr\u00fd de\u0148, detekt\u00edvi! Dnes sa vyd\u00e1me na nepreb\u00e1dan\u00e9 \u00fazemia modernej medi\u00e1lnej d\u017eungle. Vitajte na tretej lekcii &#8211; Medi\u00e1lna gramotnos\u0165. T\u00e1to \u010das\u0165 je k\u013e\u00fa\u010dov\u00e1 pre pochopenie, ako sa orientova\u0165 v z\u00e1plave inform\u00e1ci\u00ed a oddeli\u0165 pravdu od fikcie. \u00daloha, ktor\u00fa m\u00e1te pred sebou, si vy\u017eaduje nielen va\u0161u pozornos\u0165, ale aj kritick\u00e9 myslenie a schopnos\u0165 rozpozna\u0165 manipul\u00e1ciu a [&hellip;]<\/p>\n","protected":false},"author":1,"featured_media":0,"parent":0,"menu_order":0,"comment_status":"closed","ping_status":"closed","template":"","meta":{"_et_pb_use_builder":"on","_et_pb_old_content":"","_et_gb_content_width":"","footnotes":""},"class_list":["post-282","page","type-page","status-publish","hentry"],"_links":{"self":[{"href":"https:\/\/razorsanddragons-game.eu\/sk\/wp-json\/wp\/v2\/pages\/282","targetHints":{"allow":["GET"]}}],"collection":[{"href":"https:\/\/razorsanddragons-game.eu\/sk\/wp-json\/wp\/v2\/pages"}],"about":[{"href":"https:\/\/razorsanddragons-game.eu\/sk\/wp-json\/wp\/v2\/types\/page"}],"author":[{"embeddable":true,"href":"https:\/\/razorsanddragons-game.eu\/sk\/wp-json\/wp\/v2\/users\/1"}],"replies":[{"embeddable":true,"href":"https:\/\/razorsanddragons-game.eu\/sk\/wp-json\/wp\/v2\/comments?post=282"}],"version-history":[{"count":4,"href":"https:\/\/razorsanddragons-game.eu\/sk\/wp-json\/wp\/v2\/pages\/282\/revisions"}],"predecessor-version":[{"id":359,"href":"https:\/\/razorsanddragons-game.eu\/sk\/wp-json\/wp\/v2\/pages\/282\/revisions\/359"}],"wp:attachment":[{"href":"https:\/\/razorsanddragons-game.eu\/sk\/wp-json\/wp\/v2\/media?parent=282"}],"curies":[{"name":"wp","href":"https:\/\/api.w.org\/{rel}","templated":true}]}}