{"id":288,"date":"2024-03-17T16:01:38","date_gmt":"2024-03-17T16:01:38","guid":{"rendered":"https:\/\/razorsanddragons-game.eu\/lekcia5\/"},"modified":"2024-06-29T01:30:11","modified_gmt":"2024-06-29T01:30:11","slug":"lekcia5","status":"publish","type":"page","link":"https:\/\/razorsanddragons-game.eu\/sk\/lekcia5\/","title":{"rendered":"LEKCIA5"},"content":{"rendered":"<p>[et_pb_section fb_built=&#8220;1&#8243; _builder_version=&#8220;4.24.2&#8243; _module_preset=&#8220;default&#8220; global_colors_info=&#8220;{}&#8220;][et_pb_row _builder_version=&#8220;4.24.2&#8243; _module_preset=&#8220;default&#8220; global_colors_info=&#8220;{}&#8220;][et_pb_column type=&#8220;4_4&#8243; _builder_version=&#8220;4.24.2&#8243; _module_preset=&#8220;default&#8220; global_colors_info=&#8220;{}&#8220;][et_pb_heading title=&#8220;Lekcia 5 &#8211; Ekonomick\u00e9 myslenie&#8220; _builder_version=&#8220;4.24.2&#8243; _module_preset=&#8220;default&#8220; title_text_align=&#8220;center&#8220; global_colors_info=&#8220;{}&#8220;][\/et_pb_heading][\/et_pb_column][\/et_pb_row][et_pb_row _builder_version=&#8220;4.24.2&#8243; _module_preset=&#8220;default&#8220; global_colors_info=&#8220;{}&#8220;][et_pb_column type=&#8220;4_4&#8243; _builder_version=&#8220;4.24.2&#8243; _module_preset=&#8220;default&#8220; global_colors_info=&#8220;{}&#8220;][et_pb_text _builder_version=&#8220;4.24.2&#8243; _module_preset=&#8220;default&#8220; global_colors_info=&#8220;{}&#8220;]<\/p>\n<p><span>Dobr\u00fd de\u0148, detekt\u00edvi!<\/span><\/p>\n<p><span> <\/span><span>Prich\u00e1dzame k \u010fal\u0161iemu kroku na na\u0161ej ceste za pravdou. Tentoraz sa zameriame <strong>na ekonomick\u00e9 myslenie<\/strong> . Za v\u0161etk\u00fdm, \u010do rob\u00edme, h\u013eadajme peniaze &#8211; to je heslo, ktor\u00fdm sa budeme riadi\u0165 pri sk\u00faman\u00ed ekonomick\u00fdch s\u00favislost\u00ed.<\/span><\/p>\n<p><span>Ekonomick\u00e9 rozhodnutia ovplyv\u0148uj\u00fa n\u00e1\u0161 ka\u017edodenn\u00fd \u017eivot, \u010di si to uvedomujeme alebo nie. Peniaze ovplyv\u0148uj\u00fa ka\u017ed\u00fd aspekt n\u00e1\u0161ho \u017eivota &#8211; od toho, \u010do kupujeme v obchode, a\u017e po to, ako pl\u00e1nujeme bud\u00facnos\u0165. Preto je d\u00f4le\u017eit\u00e9 rozumie\u0165 z\u00e1kladn\u00fdm ekonomick\u00fdm princ\u00edpom a vedie\u0165 ich pou\u017e\u00edva\u0165.<\/span><\/p>\n<p><span>Hoci je v tejto lekcii aj pracovn\u00fd list, video je d\u00f4le\u017eit\u00e9 najm\u00e4 pre test, preto si ho dobre vypo\u010dujte.<\/span><\/p>\n<p><span>Tak za\u010dnime na\u0161u \u00fasporn\u00fa a ziskov\u00fa misiu!<\/span><\/p>\n<p><span>S \u00factou,<\/span><\/p>\n<p>&nbsp;<\/p>\n<p><span>Major<\/span><\/p>\n<p>[\/et_pb_text][\/et_pb_column][\/et_pb_row][et_pb_row _builder_version=&#8220;4.24.2&#8243; _module_preset=&#8220;default&#8220; global_colors_info=&#8220;{}&#8220;][et_pb_column type=&#8220;4_4&#8243; _builder_version=&#8220;4.24.2&#8243; _module_preset=&#8220;default&#8220; global_colors_info=&#8220;{}&#8220;][et_pb_heading title=&#8220;Pracovn\u00e9 listy&#8220; _builder_version=&#8220;4.24.2&#8243; _module_preset=&#8220;default&#8220; title_text_align=&#8220;center&#8220; global_colors_info=&#8220;{}&#8220;][\/et_pb_heading][\/et_pb_column][\/et_pb_row][et_pb_row _builder_version=&#8220;4.24.2&#8243; _module_preset=&#8220;default&#8220; global_colors_info=&#8220;{}&#8220;][et_pb_column type=&#8220;4_4&#8243; _builder_version=&#8220;4.24.2&#8243; _module_preset=&#8220;default&#8220; global_colors_info=&#8220;{}&#8220;][wpcp_useyourdrive shortcode=&#8220;%91useyourdrive mode=%22files%22 dir=%221GeTF5ZTx4LiUIWtKfhL46_K9eo96qq-x%22 account=%22102873819396345230351%22 viewrole=%22administrator|editor|author|contributor|subscriber|guest%22 %93&#8243; _builder_version=&#8220;4.24.2&#8243; _module_preset=&#8220;default&#8220; global_colors_info=&#8220;{}&#8220;][\/wpcp_useyourdrive][et_pb_heading title=&#8220;Hern\u00e1 v\u00fdzva&#8220; _builder_version=&#8220;4.24.2&#8243; _module_preset=&#8220;default&#8220; title_text_align=&#8220;center&#8220; global_colors_info=&#8220;{}&#8220;][\/et_pb_heading][\/et_pb_column][\/et_pb_row][et_pb_row _builder_version=&#8220;4.24.2&#8243; _module_preset=&#8220;default&#8220; global_colors_info=&#8220;{}&#8220;][et_pb_column type=&#8220;4_4&#8243; _builder_version=&#8220;4.24.2&#8243; _module_preset=&#8220;default&#8220; global_colors_info=&#8220;{}&#8220;][wpcp_useyourdrive shortcode=&#8220;%91useyourdrive mode=%22files%22 dir=%221TviOazep_Hjbpx5u1Q3Lwsbbbd1ef-WS%22 account=%22102873819396345230351%22 viewrole=%22administrator|editor|author|contributor|subscriber|guest%22 %93&#8243; _builder_version=&#8220;4.24.2&#8243; _module_preset=&#8220;default&#8220; global_colors_info=&#8220;{}&#8220;][\/wpcp_useyourdrive][et_pb_heading title=&#8220;U\u017eito\u010dn\u00e9 odkazy&#8220; _builder_version=&#8220;4.24.2&#8243; _module_preset=&#8220;default&#8220; title_text_align=&#8220;center&#8220; global_colors_info=&#8220;{}&#8220;][\/et_pb_heading][\/et_pb_column][\/et_pb_row][et_pb_row _builder_version=&#8220;4.24.2&#8243; _module_preset=&#8220;default&#8220; global_colors_info=&#8220;{}&#8220;][et_pb_column type=&#8220;4_4&#8243; _builder_version=&#8220;4.24.2&#8243; _module_preset=&#8220;default&#8220; global_colors_info=&#8220;{}&#8220;][et_pb_heading title=&#8220;\u0160tudov\u0148a&#8220; _builder_version=&#8220;4.24.2&#8243; _module_preset=&#8220;default&#8220; title_text_align=&#8220;center&#8220; global_colors_info=&#8220;{}&#8220;][\/et_pb_heading][wpcp_useyourdrive shortcode=&#8220;%91useyourdrive mode=%22files%22 dir=%221RLr0kslYRsjzHxkCFzVCAdTMPZybWO9A%22 account=%22102873819396345230351%22 viewrole=%22administrator|editor|author|contributor|subscriber|guest%22 %93&#8243; _builder_version=&#8220;4.24.2&#8243; _module_preset=&#8220;default&#8220; global_colors_info=&#8220;{}&#8220;][\/wpcp_useyourdrive][et_pb_divider _builder_version=&#8220;4.24.2&#8243; _module_preset=&#8220;default&#8220; custom_margin=&#8220;||-12px|||&#8220; global_colors_info=&#8220;{}&#8220;][\/et_pb_divider][\/et_pb_column][\/et_pb_row][et_pb_row _builder_version=&#8220;4.24.2&#8243; _module_preset=&#8220;default&#8220; custom_padding=&#8220;17px|||||&#8220; global_colors_info=&#8220;{}&#8220;][et_pb_column type=&#8220;4_4&#8243; _builder_version=&#8220;4.24.2&#8243; _module_preset=&#8220;default&#8220; global_colors_info=&#8220;{}&#8220;][et_pb_text _builder_version=&#8220;4.24.2&#8243; _module_preset=&#8220;default&#8220; custom_margin=&#8220;-22px||14px|||&#8220; custom_padding=&#8220;9px||8px|||&#8220; global_colors_info=&#8220;{}&#8220;]<\/p>\n<h1 style=\"text-align: center;\"><a href=\"https:\/\/docs.google.com\/forms\/d\/e\/1FAIpQLSfi1DI9PAj0XnJj4CsgkLCioi8TM3XQv08dkXVYNJNz-z9eNw\/viewform?usp=sf_link\" target=\"_blank\" rel=\"noopener\" title=\"test1\">TEST 5 TU<\/a><\/h1>\n<p>[\/et_pb_text][et_pb_divider _builder_version=&#8220;4.24.2&#8243; _module_preset=&#8220;default&#8220; custom_margin=&#8220;25px||-12px|||&#8220; global_colors_info=&#8220;{}&#8220;][\/et_pb_divider][\/et_pb_column][\/et_pb_row][et_pb_row column_structure=&#8220;1_5,1_5,1_5,1_5,1_5&#8243; _builder_version=&#8220;4.24.3&#8243; _module_preset=&#8220;default&#8220; global_colors_info=&#8220;{}&#8220;][et_pb_column type=&#8220;1_5&#8243; _builder_version=&#8220;4.24.2&#8243; _module_preset=&#8220;default&#8220; global_colors_info=&#8220;{}&#8220;][et_pb_button button_url=&#8220;https:\/\/razorsanddragons-game.eu\/sk\/lekcia1\/&#8220; button_text=&#8220;LEKCIA 1&#8243; button_alignment=&#8220;center&#8220; _builder_version=&#8220;4.24.3&#8243; _module_preset=&#8220;default&#8220; global_colors_info=&#8220;{}&#8220;][\/et_pb_button][\/et_pb_column][et_pb_column type=&#8220;1_5&#8243; _builder_version=&#8220;4.24.2&#8243; _module_preset=&#8220;default&#8220; global_colors_info=&#8220;{}&#8220;][et_pb_button button_url=&#8220;https:\/\/razorsanddragons-game.eu\/sk\/lekcia2\/&#8220; button_text=&#8220;LEKCIA 2&#8243; button_alignment=&#8220;center&#8220; _builder_version=&#8220;4.24.3&#8243; _module_preset=&#8220;default&#8220; global_colors_info=&#8220;{}&#8220;][\/et_pb_button][\/et_pb_column][et_pb_column type=&#8220;1_5&#8243; _builder_version=&#8220;4.24.2&#8243; _module_preset=&#8220;default&#8220; global_colors_info=&#8220;{}&#8220;][et_pb_button button_url=&#8220;https:\/\/razorsanddragons-game.eu\/sk\/lekcia3\/&#8220; button_text=&#8220;LEKCIA 3&#8243; button_alignment=&#8220;center&#8220; _builder_version=&#8220;4.24.3&#8243; _module_preset=&#8220;default&#8220; global_colors_info=&#8220;{}&#8220;][\/et_pb_button][\/et_pb_column][et_pb_column type=&#8220;1_5&#8243; _builder_version=&#8220;4.24.2&#8243; _module_preset=&#8220;default&#8220; global_colors_info=&#8220;{}&#8220;][et_pb_button button_url=&#8220;https:\/\/razorsanddragons-game.eu\/sk\/lekcia4\/&#8220; button_text=&#8220;LEKCIA 4&#8243; button_alignment=&#8220;center&#8220; _builder_version=&#8220;4.24.3&#8243; _module_preset=&#8220;default&#8220; global_colors_info=&#8220;{}&#8220;][\/et_pb_button][\/et_pb_column][et_pb_column type=&#8220;1_5&#8243; _builder_version=&#8220;4.24.2&#8243; _module_preset=&#8220;default&#8220; global_colors_info=&#8220;{}&#8220;][et_pb_button button_url=&#8220;https:\/\/razorsanddragons-game.eu\/sk\/lekcia6\/&#8220; button_text=&#8220;LEKCIA 6&#8243; button_alignment=&#8220;center&#8220; _builder_version=&#8220;4.24.3&#8243; _module_preset=&#8220;default&#8220; global_colors_info=&#8220;{}&#8220;][\/et_pb_button][\/et_pb_column][\/et_pb_row][\/et_pb_section]<\/p>\n","protected":false},"excerpt":{"rendered":"<p>Dobr\u00fd de\u0148, detekt\u00edvi! Prich\u00e1dzame k \u010fal\u0161iemu kroku na na\u0161ej ceste za pravdou. Tentoraz sa zameriame na ekonomick\u00e9 myslenie . Za v\u0161etk\u00fdm, \u010do rob\u00edme, h\u013eadajme peniaze &#8211; to je heslo, ktor\u00fdm sa budeme riadi\u0165 pri sk\u00faman\u00ed ekonomick\u00fdch s\u00favislost\u00ed. Ekonomick\u00e9 rozhodnutia ovplyv\u0148uj\u00fa n\u00e1\u0161 ka\u017edodenn\u00fd \u017eivot, \u010di si to uvedomujeme alebo nie. Peniaze ovplyv\u0148uj\u00fa ka\u017ed\u00fd aspekt n\u00e1\u0161ho \u017eivota [&hellip;]<\/p>\n","protected":false},"author":1,"featured_media":0,"parent":0,"menu_order":0,"comment_status":"closed","ping_status":"closed","template":"","meta":{"_et_pb_use_builder":"on","_et_pb_old_content":"","_et_gb_content_width":"","footnotes":""},"class_list":["post-288","page","type-page","status-publish","hentry"],"_links":{"self":[{"href":"https:\/\/razorsanddragons-game.eu\/sk\/wp-json\/wp\/v2\/pages\/288","targetHints":{"allow":["GET"]}}],"collection":[{"href":"https:\/\/razorsanddragons-game.eu\/sk\/wp-json\/wp\/v2\/pages"}],"about":[{"href":"https:\/\/razorsanddragons-game.eu\/sk\/wp-json\/wp\/v2\/types\/page"}],"author":[{"embeddable":true,"href":"https:\/\/razorsanddragons-game.eu\/sk\/wp-json\/wp\/v2\/users\/1"}],"replies":[{"embeddable":true,"href":"https:\/\/razorsanddragons-game.eu\/sk\/wp-json\/wp\/v2\/comments?post=288"}],"version-history":[{"count":4,"href":"https:\/\/razorsanddragons-game.eu\/sk\/wp-json\/wp\/v2\/pages\/288\/revisions"}],"predecessor-version":[{"id":361,"href":"https:\/\/razorsanddragons-game.eu\/sk\/wp-json\/wp\/v2\/pages\/288\/revisions\/361"}],"wp:attachment":[{"href":"https:\/\/razorsanddragons-game.eu\/sk\/wp-json\/wp\/v2\/media?parent=288"}],"curies":[{"name":"wp","href":"https:\/\/api.w.org\/{rel}","templated":true}]}}