{"id":291,"date":"2024-03-17T16:03:31","date_gmt":"2024-03-17T16:03:31","guid":{"rendered":"https:\/\/razorsanddragons-game.eu\/lekcia6\/"},"modified":"2024-06-29T01:37:07","modified_gmt":"2024-06-29T01:37:07","slug":"lekcia6","status":"publish","type":"page","link":"https:\/\/razorsanddragons-game.eu\/sk\/lekcia6\/","title":{"rendered":"LEKCIA6"},"content":{"rendered":"<p>[et_pb_section fb_built=&#8220;1&#8243; _builder_version=&#8220;4.24.2&#8243; _module_preset=&#8220;default&#8220; global_colors_info=&#8220;{}&#8220;][et_pb_row _builder_version=&#8220;4.24.2&#8243; _module_preset=&#8220;default&#8220; global_colors_info=&#8220;{}&#8220;][et_pb_column type=&#8220;4_4&#8243; _builder_version=&#8220;4.24.2&#8243; _module_preset=&#8220;default&#8220; global_colors_info=&#8220;{}&#8220;][et_pb_heading title=&#8220;Lekcia 6 &#8211; Optick\u00e9 il\u00fazie&#8220; _builder_version=&#8220;4.24.2&#8243; _module_preset=&#8220;default&#8220; title_text_align=&#8220;center&#8220; global_colors_info=&#8220;{}&#8220;][\/et_pb_heading][\/et_pb_column][\/et_pb_row][et_pb_row _builder_version=&#8220;4.24.2&#8243; _module_preset=&#8220;default&#8220; global_colors_info=&#8220;{}&#8220;][et_pb_column type=&#8220;4_4&#8243; _builder_version=&#8220;4.24.2&#8243; _module_preset=&#8220;default&#8220; global_colors_info=&#8220;{}&#8220;][et_pb_text _builder_version=&#8220;4.24.2&#8243; _module_preset=&#8220;default&#8220; global_colors_info=&#8220;{}&#8220;]<\/p>\n<p><strong><span>Dobr\u00fd den, detektivov\u00e9!<\/span><\/strong><\/p>\n<p><span> <\/span><\/p>\n<p><span>Dost\u00e1vame sa k posledn\u00e9mu kroku na\u0161ej detekt\u00edvnej cesty &#8211; <strong> sk\u00famaniu optick\u00fdch il\u00fazi\u00ed. <\/strong> Pri vy\u0161etrovan\u00ed ak\u00e9hoko\u013evek pr\u00edpadu je d\u00f4le\u017eit\u00e9 nielen d\u00f4kladne presk\u00fama\u0165 fakty, ale aj by\u0165 opatrn\u00fd a nenecha\u0165 sa oklama\u0165 zdanliv\u00fdmi pravdami.<\/span><\/p>\n<p><span>Optick\u00e9 il\u00fazie s\u00fa <strong>triky mysle<\/strong>, ktor\u00e9 n\u00e1s m\u00f4\u017eu vies\u0165 k nespr\u00e1vnym z\u00e1verom a interpret\u00e1ci\u00e1m. S\u00fa to il\u00fazie a zdanliv\u00e9 klamy, ktor\u00e9 m\u00f4\u017eu by\u0165 ve\u013emi p\u00f4sobiv\u00e9, ak nie sme dostato\u010dne opatrn\u00ed.<\/span><\/p>\n<p><span>V tejto chv\u00edli m\u00e1te v\u0161etky inform\u00e1cie potrebn\u00e9 na identifik\u00e1ciu podozriv\u00e9ho a test je tomu prisp\u00f4soben\u00fd &#8211; <strong>ako ve\u013emi ste sa nechali oklama\u0165 ?<\/strong> <\/span><\/p>\n<p><span>A teraz to najd\u00f4le\u017eitej\u0161ie &#8211; t\u00e1to lekcia ukr\u00fdva miesto stretnutia pre priame zadr\u017eanie vraha, ktor\u00e9 sa uskuto\u010dn\u00ed <strong>5. apr\u00edla. <\/strong> Ak identifikujete spr\u00e1vneho podozriv\u00e9ho a zist\u00edte, kde sa m\u00e1te stretn\u00fa\u0165, dostanete v\u0161etky pokyny.<\/span><\/p>\n<p><span>Nezabudnite preto na svoje detekt\u00edvne schopnosti a majte o\u010di otvoren\u00e9! \u010cak\u00e1 n\u00e1s e\u0161te jedno vzru\u0161uj\u00face dobrodru\u017estvo a mo\u017eno to najz\u00e1bavnej\u0161ie!<\/span><\/p>\n<p><span>S \u00factou,<\/span><\/p>\n<p><span> <\/span><\/p>\n<p><span>Major<\/span><\/p>\n<p>[\/et_pb_text][et_pb_image src=&#8220;https:\/\/razorsanddragons-game.eu\/wp-content\/uploads\/2024\/03\/misto-setkani.jpg&#8220; title_text=&#8220;miesto stretnutia&#8220; align=&#8220;center&#8220; _builder_version=&#8220;4.24.2&#8243; _module_preset=&#8220;default&#8220; global_colors_info=&#8220;{}&#8220;][\/et_pb_image][\/et_pb_column][\/et_pb_row][et_pb_row _builder_version=&#8220;4.24.2&#8243; _module_preset=&#8220;default&#8220; global_colors_info=&#8220;{}&#8220;][et_pb_column type=&#8220;4_4&#8243; _builder_version=&#8220;4.24.2&#8243; _module_preset=&#8220;default&#8220; global_colors_info=&#8220;{}&#8220;][et_pb_heading title=&#8220;Pracovn\u00e9 listy&#8220; _builder_version=&#8220;4.24.2&#8243; _module_preset=&#8220;default&#8220; title_text_align=&#8220;center&#8220; global_colors_info=&#8220;{}&#8220;][\/et_pb_heading][\/et_pb_column][\/et_pb_row][et_pb_row _builder_version=&#8220;4.24.2&#8243; _module_preset=&#8220;default&#8220; global_colors_info=&#8220;{}&#8220;][et_pb_column type=&#8220;4_4&#8243; _builder_version=&#8220;4.24.2&#8243; _module_preset=&#8220;default&#8220; global_colors_info=&#8220;{}&#8220;][wpcp_useyourdrive shortcode=&#8220;%91useyourdrive mode=%22files%22 dir=%22174dDJeElWuU4GYE8GrmtGkR573rAvp3u%22 account=%22102873819396345230351%22 viewrole=%22administrator|editor|author|contributor|subscriber|guest%22 %93&#8243; _builder_version=&#8220;4.24.2&#8243; _module_preset=&#8220;default&#8220; global_colors_info=&#8220;{}&#8220;][\/wpcp_useyourdrive][et_pb_heading title=&#8220;Hern\u00e1 v\u00fdzva&#8220; _builder_version=&#8220;4.24.2&#8243; _module_preset=&#8220;default&#8220; title_text_align=&#8220;center&#8220; global_colors_info=&#8220;{}&#8220;][\/et_pb_heading][wpcp_useyourdrive shortcode=&#8220;%91useyourdrive mode=%22files%22 dir=%221DMvRUyx03TN7cuRoOr7HHv5VBw6XH2C4%22 account=%22102873819396345230351%22 viewrole=%22administrator|editor|author|contributor|subscriber|guest%22 %93&#8243; _builder_version=&#8220;4.24.2&#8243; _module_preset=&#8220;default&#8220; global_colors_info=&#8220;{}&#8220;][\/wpcp_useyourdrive][\/et_pb_column][\/et_pb_row][et_pb_row _builder_version=&#8220;4.24.2&#8243; _module_preset=&#8220;default&#8220; global_colors_info=&#8220;{}&#8220;][et_pb_column type=&#8220;4_4&#8243; _builder_version=&#8220;4.24.2&#8243; _module_preset=&#8220;default&#8220; global_colors_info=&#8220;{}&#8220;][et_pb_heading title=&#8220;U\u017eito\u010dn\u00e9 odkazy&#8220; _builder_version=&#8220;4.24.2&#8243; _module_preset=&#8220;default&#8220; title_text_align=&#8220;center&#8220; global_colors_info=&#8220;{}&#8220;][\/et_pb_heading][et_pb_accordion _builder_version=&#8220;4.24.2&#8243; _module_preset=&#8220;default&#8220; global_colors_info=&#8220;{}&#8220;][et_pb_accordion_item title=&#8220;10 najlep\u0161\u00edch optick\u00fdch il\u00fazi\u00ed, ktor\u00e9 zm\u00e4t\u00fa aj v\u00e1s!&#8220; open=&#8220;on&#8220; _builder_version=&#8220;4.24.2&#8243; _module_preset=&#8220;default&#8220; global_colors_info=&#8220;{}&#8220;]<\/p>\n<p><a href=\"https:\/\/www.studenta.cz\/10-nejlepsich-optickych-klamu-ktere-zmatou-i-vas\/r~st:article:674\/\" target=\"_blank\" rel=\"noopener\" title=\"https:\/\/www.studenta.cz\/10-nejlepsich-optickych-klamu-ktere-zmatou-i-vas\/r~st:article:674\/\">https:\/\/www.studenta.cz\/10-nejlepsich-optickych-klamu-ktere-zmatou-i-vas\/r~st:article:674\/<\/a><\/p>\n<p>[\/et_pb_accordion_item][et_pb_accordion_item title=&#8220;Optick\u00e9 il\u00fazie &#8211; tieto obr\u00e1zky v\u00e1s dostan\u00fa&#8220; _builder_version=&#8220;4.24.2&#8243; _module_preset=&#8220;default&#8220; global_colors_info=&#8220;{}&#8220; open=&#8220;off&#8220;]<\/p>\n<p><a href=\"https:\/\/optikdodomu.cz\/ocni-optik-radi\/63-opticke-klamy-tyhle-obrazky-vas-dostanou\/\" target=\"_blank\" rel=\"noopener\" title=\"https:\/\/optikdodomu.cz\/ocni-optik-radi\/63-opticke-klamy-tyhle-obrazky-vas-dostanou\/\">https:\/\/optikdodomu.cz\/ocni-optik-radi\/63-opticke-klamy-tyhle-obrazky-vas-dostanou\/<\/a><\/p>\n<p>[\/et_pb_accordion_item][et_pb_accordion_item title=&#8220;Matfyz &#8211; Optick\u00e9 il\u00fazie&#8220; _builder_version=&#8220;4.24.2&#8243; _module_preset=&#8220;default&#8220; global_colors_info=&#8220;{}&#8220; open=&#8220;off&#8220;]<\/p>\n<p><a href=\"https:\/\/www.matfyz.cz\/clanky\/opticke-klamy-1\" target=\"_blank\" rel=\"noopener\" title=\"https:\/\/www.matfyz.cz\/clanky\/opticke-klamy-1\">https:\/\/www.matfyz.cz\/clanky\/opticke-klamy-1<\/a><\/p>\n<p>[\/et_pb_accordion_item][et_pb_accordion_item title=&#8220; Encyklop\u00e9dia fyziky &#8211; Optick\u00e9 il\u00fazie&#8220; _builder_version=&#8220;4.24.2&#8243; _module_preset=&#8220;default&#8220; global_colors_info=&#8220;{}&#8220; open=&#8220;off&#8220;]<\/p>\n<p><a href=\"http:\/\/fyzika.jreichl.com\/main.article\/view\/492-opticke-klamy\" target=\"_blank\" rel=\"noopener\" title=\"http:\/\/fyzika.jreichl.com\/main.article\/view\/492-opticke-klamy\">http:\/\/fyzika.jreichl.com\/main.article\/view\/492-opticke-klamy<\/a><\/p>\n<p>[\/et_pb_accordion_item][\/et_pb_accordion][\/et_pb_column][\/et_pb_row][et_pb_row _builder_version=&#8220;4.24.2&#8243; _module_preset=&#8220;default&#8220; global_colors_info=&#8220;{}&#8220;][et_pb_column type=&#8220;4_4&#8243; _builder_version=&#8220;4.24.2&#8243; _module_preset=&#8220;default&#8220; global_colors_info=&#8220;{}&#8220;][et_pb_divider _builder_version=&#8220;4.24.2&#8243; _module_preset=&#8220;default&#8220; custom_margin=&#8220;||-12px|||&#8220; global_colors_info=&#8220;{}&#8220;][\/et_pb_divider][\/et_pb_column][\/et_pb_row][et_pb_row _builder_version=&#8220;4.24.2&#8243; _module_preset=&#8220;default&#8220; custom_padding=&#8220;17px|||||&#8220; global_colors_info=&#8220;{}&#8220;][et_pb_column type=&#8220;4_4&#8243; _builder_version=&#8220;4.24.2&#8243; _module_preset=&#8220;default&#8220; global_colors_info=&#8220;{}&#8220;][et_pb_text _builder_version=&#8220;4.24.2&#8243; _module_preset=&#8220;default&#8220; custom_margin=&#8220;-22px||14px|||&#8220; custom_padding=&#8220;9px||8px|||&#8220; global_colors_info=&#8220;{}&#8220;]<\/p>\n<h1 style=\"text-align: center;\"><a href=\"https:\/\/docs.google.com\/forms\/d\/e\/1FAIpQLSdvX0IAqq2bV0j_ZTDF1_mp4U3mddvg_MQbVQwaJ2pH_X0rQw\/viewform?usp=sf_link\" target=\"_blank\" rel=\"noopener\" title=\"test1\">TEST 6 TU<\/a><\/h1>\n<p>[\/et_pb_text][et_pb_divider _builder_version=&#8220;4.24.2&#8243; _module_preset=&#8220;default&#8220; custom_margin=&#8220;25px||-12px|||&#8220; global_colors_info=&#8220;{}&#8220;][\/et_pb_divider][\/et_pb_column][\/et_pb_row][et_pb_row _builder_version=&#8220;4.24.2&#8243; _module_preset=&#8220;default&#8220; global_colors_info=&#8220;{}&#8220;][et_pb_column type=&#8220;4_4&#8243; _builder_version=&#8220;4.24.2&#8243; _module_preset=&#8220;default&#8220; global_colors_info=&#8220;{}&#8220;][et_pb_heading title=&#8220;\u0160tudov\u0148a&#8220; _builder_version=&#8220;4.24.2&#8243; _module_preset=&#8220;default&#8220; title_text_align=&#8220;center&#8220; global_colors_info=&#8220;{}&#8220;][\/et_pb_heading][\/et_pb_column][\/et_pb_row][et_pb_row _builder_version=&#8220;4.24.2&#8243; _module_preset=&#8220;default&#8220; global_colors_info=&#8220;{}&#8220;][et_pb_column type=&#8220;4_4&#8243; _builder_version=&#8220;4.24.2&#8243; _module_preset=&#8220;default&#8220; global_colors_info=&#8220;{}&#8220;][wpcp_useyourdrive shortcode=&#8220;%91useyourdrive mode=%22files%22 dir=%221pFMvOgdlZdu-mwC69JKaanxcQCl6oBFZ%22 account=%22102873819396345230351%22 viewrole=%22administrator|editor|author|contributor|subscriber|guest%22 %93&#8243; _builder_version=&#8220;4.24.2&#8243; _module_preset=&#8220;default&#8220; global_colors_info=&#8220;{}&#8220;][\/wpcp_useyourdrive][\/et_pb_column][\/et_pb_row][et_pb_row column_structure=&#8220;1_5,1_5,1_5,1_5,1_5&#8243; _builder_version=&#8220;4.24.3&#8243; _module_preset=&#8220;default&#8220; global_colors_info=&#8220;{}&#8220;][et_pb_column type=&#8220;1_5&#8243; _builder_version=&#8220;4.24.2&#8243; _module_preset=&#8220;default&#8220; global_colors_info=&#8220;{}&#8220;][et_pb_button button_url=&#8220;https:\/\/razorsanddragons-game.eu\/sk\/lekcia1\/&#8220; button_text=&#8220;LEKCIA 1&#8243; button_alignment=&#8220;center&#8220; _builder_version=&#8220;4.24.3&#8243; _module_preset=&#8220;default&#8220; global_colors_info=&#8220;{}&#8220;][\/et_pb_button][\/et_pb_column][et_pb_column type=&#8220;1_5&#8243; _builder_version=&#8220;4.24.2&#8243; _module_preset=&#8220;default&#8220; global_colors_info=&#8220;{}&#8220;][et_pb_button button_url=&#8220;https:\/\/razorsanddragons-game.eu\/sk\/lekcia2\/&#8220; button_text=&#8220;LEKCIA 2&#8243; button_alignment=&#8220;center&#8220; _builder_version=&#8220;4.24.3&#8243; _module_preset=&#8220;default&#8220; global_colors_info=&#8220;{}&#8220;][\/et_pb_button][\/et_pb_column][et_pb_column type=&#8220;1_5&#8243; _builder_version=&#8220;4.24.2&#8243; _module_preset=&#8220;default&#8220; global_colors_info=&#8220;{}&#8220;][et_pb_button button_url=&#8220;https:\/\/razorsanddragons-game.eu\/sk\/lekcia3\/&#8220; button_text=&#8220;LEKCIA 3&#8243; button_alignment=&#8220;center&#8220; _builder_version=&#8220;4.24.3&#8243; _module_preset=&#8220;default&#8220; global_colors_info=&#8220;{}&#8220;][\/et_pb_button][\/et_pb_column][et_pb_column type=&#8220;1_5&#8243; _builder_version=&#8220;4.24.2&#8243; _module_preset=&#8220;default&#8220; global_colors_info=&#8220;{}&#8220;][et_pb_button button_url=&#8220;https:\/\/razorsanddragons-game.eu\/sk\/lekcia4\/&#8220; button_text=&#8220;LEKCIA 4&#8243; button_alignment=&#8220;center&#8220; _builder_version=&#8220;4.24.3&#8243; _module_preset=&#8220;default&#8220; global_colors_info=&#8220;{}&#8220;][\/et_pb_button][\/et_pb_column][et_pb_column type=&#8220;1_5&#8243; _builder_version=&#8220;4.24.2&#8243; _module_preset=&#8220;default&#8220; global_colors_info=&#8220;{}&#8220;][et_pb_button button_url=&#8220;https:\/\/razorsanddragons-game.eu\/sk\/lekcia5\/&#8220; button_text=&#8220;LEKCIA 5&#8243; button_alignment=&#8220;center&#8220; _builder_version=&#8220;4.24.3&#8243; _module_preset=&#8220;default&#8220; global_colors_info=&#8220;{}&#8220;][\/et_pb_button][\/et_pb_column][\/et_pb_row][\/et_pb_section]<\/p>\n","protected":false},"excerpt":{"rendered":"<p>Dobr\u00fd den, detektivov\u00e9! Dost\u00e1vame sa k posledn\u00e9mu kroku na\u0161ej detekt\u00edvnej cesty &#8211; sk\u00famaniu optick\u00fdch il\u00fazi\u00ed. Pri vy\u0161etrovan\u00ed ak\u00e9hoko\u013evek pr\u00edpadu je d\u00f4le\u017eit\u00e9 nielen d\u00f4kladne presk\u00fama\u0165 fakty, ale aj by\u0165 opatrn\u00fd a nenecha\u0165 sa oklama\u0165 zdanliv\u00fdmi pravdami. Optick\u00e9 il\u00fazie s\u00fa triky mysle, ktor\u00e9 n\u00e1s m\u00f4\u017eu vies\u0165 k nespr\u00e1vnym z\u00e1verom a interpret\u00e1ci\u00e1m. S\u00fa to il\u00fazie a zdanliv\u00e9 klamy, [&hellip;]<\/p>\n","protected":false},"author":1,"featured_media":0,"parent":0,"menu_order":0,"comment_status":"closed","ping_status":"closed","template":"","meta":{"_et_pb_use_builder":"on","_et_pb_old_content":"","_et_gb_content_width":"","footnotes":""},"class_list":["post-291","page","type-page","status-publish","hentry"],"_links":{"self":[{"href":"https:\/\/razorsanddragons-game.eu\/sk\/wp-json\/wp\/v2\/pages\/291","targetHints":{"allow":["GET"]}}],"collection":[{"href":"https:\/\/razorsanddragons-game.eu\/sk\/wp-json\/wp\/v2\/pages"}],"about":[{"href":"https:\/\/razorsanddragons-game.eu\/sk\/wp-json\/wp\/v2\/types\/page"}],"author":[{"embeddable":true,"href":"https:\/\/razorsanddragons-game.eu\/sk\/wp-json\/wp\/v2\/users\/1"}],"replies":[{"embeddable":true,"href":"https:\/\/razorsanddragons-game.eu\/sk\/wp-json\/wp\/v2\/comments?post=291"}],"version-history":[{"count":4,"href":"https:\/\/razorsanddragons-game.eu\/sk\/wp-json\/wp\/v2\/pages\/291\/revisions"}],"predecessor-version":[{"id":363,"href":"https:\/\/razorsanddragons-game.eu\/sk\/wp-json\/wp\/v2\/pages\/291\/revisions\/363"}],"wp:attachment":[{"href":"https:\/\/razorsanddragons-game.eu\/sk\/wp-json\/wp\/v2\/media?parent=291"}],"curies":[{"name":"wp","href":"https:\/\/api.w.org\/{rel}","templated":true}]}}